{"id":18,"date":"2018-11-26T23:52:33","date_gmt":"2018-11-26T22:52:33","guid":{"rendered":"https:\/\/maciaszki.pl\/?page_id=18"},"modified":"2020-05-26T12:08:33","modified_gmt":"2020-05-26T10:08:33","slug":"na-piechote-rowerem-kajakiem-na-biegowkach","status":"publish","type":"page","link":"https:\/\/maciaszki.pl\/","title":{"rendered":"Maciaszki.pl"},"content":{"rendered":"\n<h2><span style=\"color: #000000;\"><strong>Na piechot\u0119, rowerem, kajakiem, na bieg\u00f3wkach&nbsp;<\/strong><\/span><\/h2>\n\n\n\n<p>Przede wszystkim pragniemy zdementowa\u0107 informacj\u0119, \u017ce pami\u0119tamy bitw\u0119 pod Grunwaldem, cho\u0107 prawd\u0105 jest, \u017ce pami\u0119tamy wiele.<\/p>\n\n\n\n<h4 class=\"has-text-align-center\">Kiedy si\u0119 poznali\u015bmy, a by\u0142 rok 1980&#8230;<\/h4>\n\n\n\n<p><span style=\"color: #339966;\"><strong>Tomek<\/strong><\/span> by\u0142 \u015bwie\u017co upieczonym magistrem in\u017cynierem PPT na Politechnice Pozna\u0144skiej<\/p>\n\n\n\n<p class=\"has-text-align-right\"><strong>&nbsp; &nbsp; &nbsp; &nbsp; &nbsp;<span style=\"color: #3366ff;\">Mariola<\/span><\/strong> studiowa\u0142a polonistyk\u0119 na Uniwersytecie \u0141\u00f3dzkim<\/p>\n\n\n\n<p class=\"has-text-align-left\"><strong><span style=\"color: #339966;\">Tomek<\/span><\/strong> opowiada\u0142 o studenckich rajdach, m.in. tych z Akademickim Klubem G\u00f3rskim \u201eHalny\u201d<\/p>\n\n\n\n<p class=\"has-text-align-right\"><strong>&nbsp; &nbsp; &nbsp; &nbsp; &nbsp; <span style=\"color: #3366ff;\">&nbsp; &nbsp; &nbsp; &nbsp; Mariola<\/span><\/strong> wspomina\u0142a licealne rajdy swojej klasy organizowane przez Pani\u0105 Profesor Bajkiewicz.<\/p>\n\n\n\n<p>Szybko \u201euzgodnili\u015bmy\u201d wsp\u00f3lne ksi\u0105\u017cki i filmy, a nawet upodobania kulinarne, ale zawsze najwi\u0119cej znaczy\u0142y wyjazdy. I cho\u0107 nie wybrali\u015bmy modelu \u201e\u017cycia w drodze\u201d, to ka\u017cdy z nich by\u0142 wa\u017cny. Najpierw je\u017adzili\u015bmy wy\u0142\u0105cznie w g\u00f3ry, potem odkrywali\u015bmy wsp\u00f3lnie inne przyjemno\u015bci, by cieszy\u0107 si\u0119 drog\u0105 przebywan\u0105 wsp\u00f3lnie \u2013 na piechot\u0119, na rowerze, kajakiem, na nartach\u2026<\/p>\n\n\n\n<h4 class=\"has-text-align-center\">I najwa\u017cniejsze \u2013 byli\u015bmy zawsze w\u015br\u00f3d przyjaci\u00f3\u0142!<\/h4>\n\n\n\n<p><span style=\"color: #000000;\">Po czterdziestu latach wsp\u00f3lnych w\u0119dr\u00f3wek z\u0142o\u017cy\u0142o si\u0119 tego wszystkiego na ca\u0142kiem poka\u017any wspominkowy rejestr. <\/span><span style=\"color: #000000;\">Zasypywani pytaniami przyjaci\u00f3\u0142 o to, kto z kim gdzie i kiedy, pr\u00f3bujemy uporz\u0105dkowa\u0107 nasze pami\u0119ciowe migawki z przesz\u0142o\u015bci. I cho\u0107 zadanie wydaje si\u0119 niewykonalne, wierzymy, \u017ce z Wasz\u0105 pomoc\u0105 krok po kroku stworzymy ich zapis.<\/span><\/p>\n\n\n\n<p>Nie chc\u0105c jednak zamyka\u0107 si\u0119 w przesz\u0142o\u015bci, mamy nadziej\u0119, \u017ce aktualne wpisy oka\u017c\u0105 si\u0119 inspiracj\u0105 dla innych i pomog\u0105 w planowaniu wymarzonych woja\u017cy.&nbsp;<\/p>\n\n\n\n<figure class=\"wp-block-image size-full is-resized\"><a href=\"https:\/\/maciaszki.pl\/wp-content\/uploads\/2020\/05\/na-stron\u0119-scaled.jpg\"><img loading=\"lazy\" src=\"https:\/\/maciaszki.pl\/wp-content\/uploads\/2020\/05\/na-stron\u0119-scaled.jpg\" alt=\"\" class=\"wp-image-2465\" width=\"651\" height=\"434\" srcset=\"https:\/\/maciaszki.pl\/wp-content\/uploads\/2020\/05\/na-stron\u0119-scaled.jpg 2560w, https:\/\/maciaszki.pl\/wp-content\/uploads\/2020\/05\/na-stron\u0119-300x200.jpg 300w, https:\/\/maciaszki.pl\/wp-content\/uploads\/2020\/05\/na-stron\u0119-1024x683.jpg 1024w, https:\/\/maciaszki.pl\/wp-content\/uploads\/2020\/05\/na-stron\u0119-768x512.jpg 768w, https:\/\/maciaszki.pl\/wp-content\/uploads\/2020\/05\/na-stron\u0119-1536x1025.jpg 1536w, https:\/\/maciaszki.pl\/wp-content\/uploads\/2020\/05\/na-stron\u0119-2048x1367.jpg 2048w\" sizes=\"(max-width: 651px) 100vw, 651px\" \/><\/a><\/figure>\n\n\n\n<p>Tak, tak, to w\u0142a\u015bnie my, &#8222;pi\u0119kni i m\u0142odzi inaczej&#8221;; tym razem w g\u00f3rach Wogezach we Francji<em>.<\/em><\/p>\n\n\n\n<h3>&nbsp;<\/h3>\n","protected":false},"excerpt":{"rendered":"<p>Na piechot\u0119, rowerem, kajakiem, na bieg\u00f3wkach&nbsp; Przede wszystkim pragniemy zdementowa\u0107 informacj\u0119, \u017ce pami\u0119tamy bitw\u0119 pod Grunwaldem, cho\u0107 prawd\u0105 jest, \u017ce pami\u0119tamy wiele. Kiedy si\u0119 poznali\u015bmy, a by\u0142 rok 1980&#8230; Tomek by\u0142 \u015bwie\u017co upieczonym magistrem in\u017cynierem PPT na Politechnice Pozna\u0144skiej &nbsp; &nbsp; &nbsp; &nbsp; &nbsp;Mariola studiowa\u0142a polonistyk\u0119 na Uniwersytecie \u0141\u00f3dzkim Tomek opowiada\u0142 o studenckich rajdach, m.in. &hellip; <\/p>\n<p class=\"link-more\"><a href=\"https:\/\/maciaszki.pl\/\" class=\"more-link\">Czytaj dalej<span class=\"screen-reader-text\"> Maciaszki.pl<\/span><\/a><\/p>\n","protected":false},"author":1,"featured_media":0,"parent":0,"menu_order":0,"comment_status":"closed","ping_status":"closed","template":"","meta":[],"yoast_head":"<!-- This site is optimized with the Yoast SEO plugin v17.6 - https:\/\/yoast.com\/wordpress\/plugins\/seo\/ -->\n<title>Maciaszki.pl - Maciaszki<\/title>\n<meta name=\"description\" content=\"Relacje z naszych w\u0119dr\u00f3wek po g\u00f3rach, na trasach rowerowych, kajakowych i na nartach biegowych, Polska, Europa, od Atlantyku po ko\u0142o podbiegunowe\" \/>\n<meta name=\"robots\" content=\"index, follow, max-snippet:-1, max-image-preview:large, max-video-preview:-1\" \/>\n<link rel=\"canonical\" href=\"https:\/\/maciaszki.pl\/\" \/>\n<meta property=\"og:locale\" content=\"pl_PL\" \/>\n<meta property=\"og:type\" content=\"article\" \/>\n<meta property=\"og:title\" content=\"Maciaszki.pl - Maciaszki\" \/>\n<meta property=\"og:description\" content=\"Relacje z naszych w\u0119dr\u00f3wek po g\u00f3rach, na trasach rowerowych, kajakowych i na nartach biegowych, Polska, Europa, od Atlantyku po ko\u0142o podbiegunowe\" \/>\n<meta property=\"og:url\" content=\"https:\/\/maciaszki.pl\/\" \/>\n<meta property=\"og:site_name\" content=\"Maciaszki\" \/>\n<meta property=\"article:modified_time\" content=\"2020-05-26T10:08:33+00:00\" \/>\n<meta property=\"og:image\" content=\"https:\/\/maciaszki.pl\/wp-content\/uploads\/2020\/05\/na-stron\u0119-scaled.jpg\" \/>\n<meta name=\"twitter:card\" content=\"summary_large_image\" \/>\n<meta name=\"twitter:label1\" content=\"Szacowany czas czytania\" \/>\n\t<meta name=\"twitter:data1\" content=\"1 minuta\" \/>\n<script type=\"application\/ld+json\" class=\"yoast-schema-graph\">{\"@context\":\"https:\/\/schema.org\",\"@graph\":[{\"@type\":\"WebSite\",\"@id\":\"https:\/\/maciaszki.pl\/#website\",\"url\":\"https:\/\/maciaszki.pl\/\",\"name\":\"Maciaszki\",\"description\":\"W\\u0119dr\\u00f3wki w czasie i w przestrzeni\",\"potentialAction\":[{\"@type\":\"SearchAction\",\"target\":{\"@type\":\"EntryPoint\",\"urlTemplate\":\"https:\/\/maciaszki.pl\/?s={search_term_string}\"},\"query-input\":\"required name=search_term_string\"}],\"inLanguage\":\"pl-PL\"},{\"@type\":\"ImageObject\",\"@id\":\"https:\/\/maciaszki.pl\/#primaryimage\",\"inLanguage\":\"pl-PL\",\"url\":\"https:\/\/maciaszki.pl\/wp-content\/uploads\/2020\/05\/na-stron\\u0119-scaled.jpg\",\"contentUrl\":\"https:\/\/maciaszki.pl\/wp-content\/uploads\/2020\/05\/na-stron\\u0119-scaled.jpg\",\"width\":2560,\"height\":1708},{\"@type\":\"WebPage\",\"@id\":\"https:\/\/maciaszki.pl\/#webpage\",\"url\":\"https:\/\/maciaszki.pl\/\",\"name\":\"Maciaszki.pl - Maciaszki\",\"isPartOf\":{\"@id\":\"https:\/\/maciaszki.pl\/#website\"},\"primaryImageOfPage\":{\"@id\":\"https:\/\/maciaszki.pl\/#primaryimage\"},\"datePublished\":\"2018-11-26T22:52:33+00:00\",\"dateModified\":\"2020-05-26T10:08:33+00:00\",\"description\":\"Relacje z naszych w\\u0119dr\\u00f3wek po g\\u00f3rach, na trasach rowerowych, kajakowych i na nartach biegowych, Polska, Europa, od Atlantyku po ko\\u0142o podbiegunowe\",\"breadcrumb\":{\"@id\":\"https:\/\/maciaszki.pl\/#breadcrumb\"},\"inLanguage\":\"pl-PL\",\"potentialAction\":[{\"@type\":\"ReadAction\",\"target\":[\"https:\/\/maciaszki.pl\/\"]}]},{\"@type\":\"BreadcrumbList\",\"@id\":\"https:\/\/maciaszki.pl\/#breadcrumb\",\"itemListElement\":[{\"@type\":\"ListItem\",\"position\":1,\"name\":\"Home\",\"item\":\"https:\/\/maciaszki.pl\/\"},{\"@type\":\"ListItem\",\"position\":2,\"name\":\"Maciaszki.pl\"}]}]}<\/script>\n<!-- \/ Yoast SEO plugin. -->","yoast_head_json":{"title":"Maciaszki.pl - Maciaszki","description":"Relacje z naszych w\u0119dr\u00f3wek po g\u00f3rach, na trasach rowerowych, kajakowych i na nartach biegowych, Polska, Europa, od Atlantyku po ko\u0142o podbiegunowe","robots":{"index":"index","follow":"follow","max-snippet":"max-snippet:-1","max-image-preview":"max-image-preview:large","max-video-preview":"max-video-preview:-1"},"canonical":"https:\/\/maciaszki.pl\/","og_locale":"pl_PL","og_type":"article","og_title":"Maciaszki.pl - Maciaszki","og_description":"Relacje z naszych w\u0119dr\u00f3wek po g\u00f3rach, na trasach rowerowych, kajakowych i na nartach biegowych, Polska, Europa, od Atlantyku po ko\u0142o podbiegunowe","og_url":"https:\/\/maciaszki.pl\/","og_site_name":"Maciaszki","article_modified_time":"2020-05-26T10:08:33+00:00","og_image":[{"url":"https:\/\/maciaszki.pl\/wp-content\/uploads\/2020\/05\/na-stron\u0119-scaled.jpg"}],"twitter_card":"summary_large_image","twitter_misc":{"Szacowany czas czytania":"1 minuta"},"schema":{"@context":"https:\/\/schema.org","@graph":[{"@type":"WebSite","@id":"https:\/\/maciaszki.pl\/#website","url":"https:\/\/maciaszki.pl\/","name":"Maciaszki","description":"W\u0119dr\u00f3wki w czasie i w przestrzeni","potentialAction":[{"@type":"SearchAction","target":{"@type":"EntryPoint","urlTemplate":"https:\/\/maciaszki.pl\/?s={search_term_string}"},"query-input":"required name=search_term_string"}],"inLanguage":"pl-PL"},{"@type":"ImageObject","@id":"https:\/\/maciaszki.pl\/#primaryimage","inLanguage":"pl-PL","url":"https:\/\/maciaszki.pl\/wp-content\/uploads\/2020\/05\/na-stron\u0119-scaled.jpg","contentUrl":"https:\/\/maciaszki.pl\/wp-content\/uploads\/2020\/05\/na-stron\u0119-scaled.jpg","width":2560,"height":1708},{"@type":"WebPage","@id":"https:\/\/maciaszki.pl\/#webpage","url":"https:\/\/maciaszki.pl\/","name":"Maciaszki.pl - Maciaszki","isPartOf":{"@id":"https:\/\/maciaszki.pl\/#website"},"primaryImageOfPage":{"@id":"https:\/\/maciaszki.pl\/#primaryimage"},"datePublished":"2018-11-26T22:52:33+00:00","dateModified":"2020-05-26T10:08:33+00:00","description":"Relacje z naszych w\u0119dr\u00f3wek po g\u00f3rach, na trasach rowerowych, kajakowych i na nartach biegowych, Polska, Europa, od Atlantyku po ko\u0142o podbiegunowe","breadcrumb":{"@id":"https:\/\/maciaszki.pl\/#breadcrumb"},"inLanguage":"pl-PL","potentialAction":[{"@type":"ReadAction","target":["https:\/\/maciaszki.pl\/"]}]},{"@type":"BreadcrumbList","@id":"https:\/\/maciaszki.pl\/#breadcrumb","itemListElement":[{"@type":"ListItem","position":1,"name":"Home","item":"https:\/\/maciaszki.pl\/"},{"@type":"ListItem","position":2,"name":"Maciaszki.pl"}]}]}},"_links":{"self":[{"href":"https:\/\/maciaszki.pl\/index.php\/wp-json\/wp\/v2\/pages\/18"}],"collection":[{"href":"https:\/\/maciaszki.pl\/index.php\/wp-json\/wp\/v2\/pages"}],"about":[{"href":"https:\/\/maciaszki.pl\/index.php\/wp-json\/wp\/v2\/types\/page"}],"author":[{"embeddable":true,"href":"https:\/\/maciaszki.pl\/index.php\/wp-json\/wp\/v2\/users\/1"}],"replies":[{"embeddable":true,"href":"https:\/\/maciaszki.pl\/index.php\/wp-json\/wp\/v2\/comments?post=18"}],"version-history":[{"count":25,"href":"https:\/\/maciaszki.pl\/index.php\/wp-json\/wp\/v2\/pages\/18\/revisions"}],"predecessor-version":[{"id":2527,"href":"https:\/\/maciaszki.pl\/index.php\/wp-json\/wp\/v2\/pages\/18\/revisions\/2527"}],"wp:attachment":[{"href":"https:\/\/maciaszki.pl\/index.php\/wp-json\/wp\/v2\/media?parent=18"}],"curies":[{"name":"wp","href":"https:\/\/api.w.org\/{rel}","templated":true}]}}